{"id":3059,"date":"2023-03-29T12:24:19","date_gmt":"2023-03-29T12:24:19","guid":{"rendered":"https:\/\/onovo-demo.bslthemes.com\/?page_id=3059"},"modified":"2023-03-29T12:24:19","modified_gmt":"2023-03-29T12:24:19","slug":"blog-list","status":"publish","type":"page","link":"https:\/\/www.medyas.net\/index.php\/blog-list\/","title":{"rendered":"Blog (List)"},"content":{"rendered":"\t\t<div data-elementor-type=\"wp-page\" data-elementor-id=\"3059\" class=\"elementor elementor-3059\">\n\t\t\t\t\t\t<section class=\"elementor-section elementor-top-section elementor-element elementor-element-0737b32 elementor-section-full_width elementor-section-height-default elementor-section-height-default\" data-id=\"0737b32\" data-element_type=\"section\">\n\t\t\t\t\t\t<div class=\"elementor-container elementor-column-gap-no\">\n\t\t\t\t\t<div class=\"elementor-column elementor-col-100 elementor-top-column elementor-element elementor-element-1c8fcf2\" data-id=\"1c8fcf2\" data-element_type=\"column\">\n\t\t\t<div class=\"elementor-widget-wrap elementor-element-populated\">\n\t\t\t\t\t\t<div class=\"elementor-element elementor-element-441a94b elementor-widget elementor-widget-onovo-intro\" data-id=\"441a94b\" data-element_type=\"widget\" data-widget_type=\"onovo-intro.default\">\n\t\t\t\t<div class=\"elementor-widget-container\">\n\t\t\t\n\t\t<div class=\"onovo-intro intro--black\">\n\t\t\t\t\t\t<div class=\"container\">\n\t\t\t\t\t\t\t\t<h1 class=\"onovo-title-1  onovo-text-white\">\n\t\t\t\t\t<span >\n\t\t\t\t\t\tNews &amp;  Blog\t\t\t\t\t<\/span>\n\t\t\t\t\t\t\t\t\t\t<span class=\"onovo-sep word\">\n\t\t\t\t\t\t\t\t\t\t\t\t\t\t\t\t\t\t<i class=\"sep-img\" style=\"background-image: url(https:\/\/www.medyas.net\/wp-content\/uploads\/2023\/02\/title_icon.svg);\"><\/i>\n\t\t\t\t\t\t\t\t\t\t\t\t\t\t\t\t\t<\/span>\n\t\t\t\t\t\t\t\t\t<\/h1>\n\t\t\t\t\t\t\t\t\t\t\t\t<div class=\"onovo-subtitle-2  onovo-text-white\">\n\t\t\t\t\t<span >\n\t\t\t\t\t\tInsights, thoughts, industry trends, marketing tips.\t\t\t\t\t<\/span>\n\t\t\t\t<\/div>\n\t\t\t\t\t\t\t\t\t\t\t\t<div class=\"onovo-breadcrums\">\n\t\t\t\t\t<ul><li><a href=\"https:\/\/www.medyas.net\" title=\"MEDYAS\">Home<\/span><\/a><\/li><li class=\"current\"><span><\/span><\/li><\/ul>\t\t\t\t<\/div>\n\t\t\t\t\t\t\t<\/div>\n\t    <\/div>\n\n\t\t\t\t<\/div>\n\t\t\t\t<\/div>\n\t\t\t\t\t<\/div>\n\t\t<\/div>\n\t\t\t\t\t<\/div>\n\t\t<\/section>\n\t\t\t\t<section class=\"elementor-section elementor-top-section elementor-element elementor-element-e6b6a1e elementor-section-boxed elementor-section-height-default elementor-section-height-default\" data-id=\"e6b6a1e\" data-element_type=\"section\">\n\t\t\t\t\t\t<div class=\"elementor-container elementor-column-gap-no\">\n\t\t\t\t\t<div class=\"elementor-column elementor-col-100 elementor-top-column elementor-element elementor-element-0c48103\" data-id=\"0c48103\" data-element_type=\"column\">\n\t\t\t<div class=\"elementor-widget-wrap elementor-element-populated\">\n\t\t\t\t\t\t<div class=\"elementor-element elementor-element-b55d9c2 elementor-widget elementor-widget-onovo-blog\" data-id=\"b55d9c2\" data-element_type=\"widget\" data-widget_type=\"onovo-blog.default\">\n\t\t\t\t<div class=\"elementor-widget-container\">\n\t\t\t\n\t\t<div class=\"onovo-archive\">\n\t\t\t<div class=\"container\">\n\t\t\t\t<div class=\"row archive-row\">\n\t\t\t\t\t<div class=\"col-lg-8\">\t\t\t\t\t\t\t\t\t\t\t\t\t\n\n<div class=\"onovo-blog-item archive-item\">\n\t<div id=\"post-1\" class=\"post-1 post type-post status-publish format-standard hentry category-genel\">\n\t\t\t\t<div class=\"desc\">\n\t\t\t<div class=\"info\">\n\t\t\t\t<div class=\"date\">16 Nisan 2024<\/div>Genel\t\t\t<\/div>\n\t\t\t<h3 class=\"title\">\n\t\t\t\t<a href=\"https:\/\/www.medyas.net\/index.php\/2024\/04\/16\/merhaba-dunya\/\">\n\t\t\t\t\tMerhaba d\u00fcnya!\t\t\t\t<\/a>\n\t\t\t<\/h3>\n\t\t\t\t\t\t<div class=\"onovo-text\">\n\t\t\t\t<p>WordPress&#8217;e ho\u015f geldiniz. Bu sizin ilk yaz\u0131n\u0131z. Bu yaz\u0131y\u0131 d\u00fczenleyin ya da silin. Sonra yazmaya ba\u015flay\u0131n!<\/p>\n\t\t\t<\/div>\n\t\t\t\t\t<\/div>\n\t<\/div><!-- #post-1 -->\n<\/div>\n\n<div class=\"onovo-blog-item archive-item\">\n\t<div id=\"post-3023\" class=\"post-3023 post type-post status-publish format-standard has-post-thumbnail hentry category-branding tag-branding tag-design tag-development tag-web\">\n\t\t\t\t<div class=\"image\" data-onovo-overlay data-onovo-scroll>\n\t\t\t<a href=\"https:\/\/www.medyas.net\/index.php\/2023\/03\/25\/usability-secrets-to-create-better-interfaces\/\">\n\t\t\t\t<img decoding=\"async\" src=\"https:\/\/www.medyas.net\/wp-content\/uploads\/2023\/03\/posts3-1000x667.jpg\" alt=\"Usability Secrets to Create Interfaces\" \/>\n\t\t\t<\/a>\n\t\t<\/div>\n\t\t\t\t<div class=\"desc\">\n\t\t\t<div class=\"info\">\n\t\t\t\t<div class=\"date\">25 Mart 2023<\/div>Branding\t\t\t<\/div>\n\t\t\t<h3 class=\"title\">\n\t\t\t\t<a href=\"https:\/\/www.medyas.net\/index.php\/2023\/03\/25\/usability-secrets-to-create-better-interfaces\/\">\n\t\t\t\t\tUsability Secrets to Create Interfaces\t\t\t\t<\/a>\n\t\t\t<\/h3>\n\t\t\t\t\t\t<div class=\"onovo-text\">\n\t\t\t\t<p>Ambleton: Behind the Branding of High Calgary&#8217;s Community Most innovative and successful builders and real estate&#8230; <br \/><a href=\"https:\/\/www.medyas.net\/index.php\/2023\/03\/25\/usability-secrets-to-create-better-interfaces\/\" class=\"onovo-btn onovo-hover-btn\"><span>Read more<\/span><\/a><\/p>\n\t\t\t<\/div>\n\t\t\t\t\t<\/div>\n\t<\/div><!-- #post-3023 -->\n<\/div>\n\n<div class=\"onovo-blog-item archive-item\">\n\t<div id=\"post-3021\" class=\"post-3021 post type-post status-publish format-standard has-post-thumbnail hentry category-design tag-branding tag-design tag-development tag-web\">\n\t\t\t\t<div class=\"image\" data-onovo-overlay data-onovo-scroll>\n\t\t\t<a href=\"https:\/\/www.medyas.net\/index.php\/2023\/03\/18\/the-main-thing-for-the-web-designer\/\">\n\t\t\t\t<img decoding=\"async\" src=\"https:\/\/www.medyas.net\/wp-content\/uploads\/2022\/12\/post1-1000x667.jpg\" alt=\"The Main Thing For The Web Designer\" \/>\n\t\t\t<\/a>\n\t\t<\/div>\n\t\t\t\t<div class=\"desc\">\n\t\t\t<div class=\"info\">\n\t\t\t\t<div class=\"date\">18 Mart 2023<\/div>Design\t\t\t<\/div>\n\t\t\t<h3 class=\"title\">\n\t\t\t\t<a href=\"https:\/\/www.medyas.net\/index.php\/2023\/03\/18\/the-main-thing-for-the-web-designer\/\">\n\t\t\t\t\tThe Main Thing For The Web Designer\t\t\t\t<\/a>\n\t\t\t<\/h3>\n\t\t\t\t\t\t<div class=\"onovo-text\">\n\t\t\t\t<p>Ambleton: Behind the Branding of High Calgary&#8217;s Community Most innovative and successful builders and real estate&#8230; <br \/><a href=\"https:\/\/www.medyas.net\/index.php\/2023\/03\/18\/the-main-thing-for-the-web-designer\/\" class=\"onovo-btn onovo-hover-btn\"><span>Read more<\/span><\/a><\/p>\n\t\t\t<\/div>\n\t\t\t\t\t<\/div>\n\t<\/div><!-- #post-3021 -->\n<\/div>\n\n<div class=\"onovo-blog-item archive-item\">\n\t<div id=\"post-3008\" class=\"post-3008 post type-post status-publish format-standard has-post-thumbnail hentry category-news tag-branding tag-design tag-development tag-web\">\n\t\t\t\t<div class=\"image\" data-onovo-overlay data-onovo-scroll>\n\t\t\t<a href=\"https:\/\/www.medyas.net\/index.php\/2023\/03\/10\/how-to-do-your-first-project\/\">\n\t\t\t\t<img decoding=\"async\" src=\"https:\/\/www.medyas.net\/wp-content\/uploads\/2022\/12\/post4-1000x667.jpg\" alt=\"How to Do Your First Business Project\" \/>\n\t\t\t<\/a>\n\t\t<\/div>\n\t\t\t\t<div class=\"desc\">\n\t\t\t<div class=\"info\">\n\t\t\t\t<div class=\"date\">10 Mart 2023<\/div>News\t\t\t<\/div>\n\t\t\t<h3 class=\"title\">\n\t\t\t\t<a href=\"https:\/\/www.medyas.net\/index.php\/2023\/03\/10\/how-to-do-your-first-project\/\">\n\t\t\t\t\tHow to Do Your First Business Project\t\t\t\t<\/a>\n\t\t\t<\/h3>\n\t\t\t\t\t\t<div class=\"onovo-text\">\n\t\t\t\t<p>Ambleton: Behind the Branding of High Calgary&#8217;s Community Most innovative and successful builders and real estate&#8230; <br \/><a href=\"https:\/\/www.medyas.net\/index.php\/2023\/03\/10\/how-to-do-your-first-project\/\" class=\"onovo-btn onovo-hover-btn\"><span>Read more<\/span><\/a><\/p>\n\t\t\t<\/div>\n\t\t\t\t\t<\/div>\n\t<\/div><!-- #post-3008 -->\n<\/div>\n\n<div class=\"onovo-blog-item archive-item\">\n\t<div id=\"post-3006\" class=\"post-3006 post type-post status-publish format-standard has-post-thumbnail hentry category-design tag-branding tag-design tag-development tag-web\">\n\t\t\t\t<div class=\"image\" data-onovo-overlay data-onovo-scroll>\n\t\t\t<a href=\"https:\/\/www.medyas.net\/index.php\/2023\/02\/27\/3-ways-to-level-up-your-photography\/\">\n\t\t\t\t<img decoding=\"async\" src=\"https:\/\/www.medyas.net\/wp-content\/uploads\/2022\/12\/post5-1000x667.jpg\" alt=\"3 Ways To Level Up Your Photography\" \/>\n\t\t\t<\/a>\n\t\t<\/div>\n\t\t\t\t<div class=\"desc\">\n\t\t\t<div class=\"info\">\n\t\t\t\t<div class=\"date\">27 \u015eubat 2023<\/div>Design\t\t\t<\/div>\n\t\t\t<h3 class=\"title\">\n\t\t\t\t<a href=\"https:\/\/www.medyas.net\/index.php\/2023\/02\/27\/3-ways-to-level-up-your-photography\/\">\n\t\t\t\t\t3 Ways To Level Up Your Photography\t\t\t\t<\/a>\n\t\t\t<\/h3>\n\t\t\t\t\t\t<div class=\"onovo-text\">\n\t\t\t\t<p>Ambleton: Behind the Branding of High Calgary&#8217;s Community Most innovative and successful builders and real estate&#8230; <br \/><a href=\"https:\/\/www.medyas.net\/index.php\/2023\/02\/27\/3-ways-to-level-up-your-photography\/\" class=\"onovo-btn onovo-hover-btn\"><span>Read more<\/span><\/a><\/p>\n\t\t\t<\/div>\n\t\t\t\t\t<\/div>\n\t<\/div><!-- #post-3006 -->\n<\/div>\n\n<div class=\"onovo-blog-item archive-item\">\n\t<div id=\"post-3004\" class=\"post-3004 post type-post status-publish format-standard has-post-thumbnail hentry category-news tag-branding tag-design tag-development tag-web\">\n\t\t\t\t<div class=\"image\" data-onovo-overlay data-onovo-scroll>\n\t\t\t<a href=\"https:\/\/www.medyas.net\/index.php\/2023\/02\/17\/how-to-photograph-food-without-a-tripod\/\">\n\t\t\t\t<img decoding=\"async\" src=\"https:\/\/www.medyas.net\/wp-content\/uploads\/2022\/12\/post6-1000x667.jpg\" alt=\"How to Find Inspiration and Not Lose Yourself\" \/>\n\t\t\t<\/a>\n\t\t<\/div>\n\t\t\t\t<div class=\"desc\">\n\t\t\t<div class=\"info\">\n\t\t\t\t<div class=\"date\">17 \u015eubat 2023<\/div>News\t\t\t<\/div>\n\t\t\t<h3 class=\"title\">\n\t\t\t\t<a href=\"https:\/\/www.medyas.net\/index.php\/2023\/02\/17\/how-to-photograph-food-without-a-tripod\/\">\n\t\t\t\t\tHow to Find Inspiration and Not Lose Yourself\t\t\t\t<\/a>\n\t\t\t<\/h3>\n\t\t\t\t\t\t<div class=\"onovo-text\">\n\t\t\t\t<p>Ambleton: Behind the Branding of High Calgary&#8217;s Community Most innovative and successful builders and real estate&#8230; <br \/><a href=\"https:\/\/www.medyas.net\/index.php\/2023\/02\/17\/how-to-photograph-food-without-a-tripod\/\" class=\"onovo-btn onovo-hover-btn\"><span>Read more<\/span><\/a><\/p>\n\t\t\t<\/div>\n\t\t\t\t\t<\/div>\n\t<\/div><!-- #post-3004 -->\n<\/div>\n\t\t\t\t\t\t\t\t\t\t\t\t\t\t<!-- pager -->\n\t\t\t\t\t\t\t<div class=\"pager\">\n\t\t\t\t\t\t\t\t<span aria-current=\"page\" class=\"page-numbers current\">1<\/span>\n<a class=\"page-numbers\" href=\"https:\/\/www.medyas.net\/index.php\/wp-json\/wp\/v2\/pages\/3059\/page\/2\/\">2<\/a>\n<a class=\"next page-numbers\" href=\"https:\/\/www.medyas.net\/index.php\/wp-json\/wp\/v2\/pages\/3059\/page\/2\/\"><i><\/i><\/a>\t\t\t\t\t\t\t<\/div>\n\t\t\t\t\t\t\t\n\t\t\t\t\t\t\t\t\t\t\t<\/div>\n\t\t\t\t\t\t\t\t\t\t<div class=\"col-lg-4\">\n\t\t\t\t\t\t<div class=\"col-sidebar\">\n\t\t\t\t\t\t\t\n<div class=\"content-sidebar\">\n\t<aside id=\"secondary\" class=\"widget-area\">\n\t\t<section id=\"block-2\" class=\"widget widget_block widget_search\"><form role=\"search\" method=\"get\" action=\"https:\/\/www.medyas.net\/\" class=\"wp-block-search__button-outside wp-block-search__text-button wp-block-search\"    ><label class=\"wp-block-search__label\" for=\"wp-block-search__input-1\" >Ara<\/label><div class=\"wp-block-search__inside-wrapper\" ><input class=\"wp-block-search__input\" id=\"wp-block-search__input-1\" placeholder=\"\" value=\"\" type=\"search\" name=\"s\" required \/><button aria-label=\"Ara\" class=\"wp-block-search__button wp-element-button\" type=\"submit\" >Ara<\/button><\/div><\/form><\/section><section id=\"block-3\" class=\"widget widget_block\"><div class=\"wp-block-group\"><div class=\"wp-block-group__inner-container is-layout-flow wp-block-group-is-layout-flow\"><h2 class=\"wp-block-heading\">Son Yaz\u0131lar<\/h2><ul class=\"wp-block-latest-posts__list wp-block-latest-posts\"><li><a class=\"wp-block-latest-posts__post-title\" href=\"https:\/\/www.medyas.net\/index.php\/2024\/04\/16\/merhaba-dunya\/\">Merhaba d\u00fcnya!<\/a><\/li>\n<li><a class=\"wp-block-latest-posts__post-title\" href=\"https:\/\/www.medyas.net\/index.php\/2023\/03\/25\/usability-secrets-to-create-better-interfaces\/\">Usability Secrets to Create Interfaces<\/a><\/li>\n<li><a class=\"wp-block-latest-posts__post-title\" href=\"https:\/\/www.medyas.net\/index.php\/2023\/03\/18\/the-main-thing-for-the-web-designer\/\">The Main Thing For The Web Designer<\/a><\/li>\n<li><a class=\"wp-block-latest-posts__post-title\" href=\"https:\/\/www.medyas.net\/index.php\/2023\/03\/10\/how-to-do-your-first-project\/\">How to Do Your First Business Project<\/a><\/li>\n<li><a class=\"wp-block-latest-posts__post-title\" href=\"https:\/\/www.medyas.net\/index.php\/2023\/02\/27\/3-ways-to-level-up-your-photography\/\">3 Ways To Level Up Your Photography<\/a><\/li>\n<\/ul><\/div><\/div><\/section><section id=\"block-4\" class=\"widget widget_block\"><div class=\"wp-block-group\"><div class=\"wp-block-group__inner-container is-layout-flow wp-block-group-is-layout-flow\"><h2 class=\"wp-block-heading\">Son yorumlar<\/h2><ol class=\"wp-block-latest-comments\"><li class=\"wp-block-latest-comments__comment\"><article><footer class=\"wp-block-latest-comments__comment-meta\"><a class=\"wp-block-latest-comments__comment-author\" href=\"https:\/\/tr.wordpress.org\/\">Bir WordPress yorumcusu<\/a> - <a class=\"wp-block-latest-comments__comment-link\" href=\"https:\/\/www.medyas.net\/index.php\/2024\/04\/16\/merhaba-dunya\/#comment-1\">Merhaba d\u00fcnya!<\/a><\/footer><\/article><\/li><li class=\"wp-block-latest-comments__comment\"><article><footer class=\"wp-block-latest-comments__comment-meta\"><span class=\"wp-block-latest-comments__comment-author\">Lisa Brown<\/span> - <a class=\"wp-block-latest-comments__comment-link\" href=\"https:\/\/www.medyas.net\/index.php\/2023\/01\/13\/strength-to-strength-within-the-industry\/#comment-4\">Strength to Strength within the Business Solutions<\/a><\/footer><\/article><\/li><li class=\"wp-block-latest-comments__comment\"><article><footer class=\"wp-block-latest-comments__comment-meta\"><span class=\"wp-block-latest-comments__comment-author\">Alex Ferguson<\/span> - <a class=\"wp-block-latest-comments__comment-link\" href=\"https:\/\/www.medyas.net\/index.php\/2023\/01\/13\/strength-to-strength-within-the-industry\/#comment-3\">Strength to Strength within the Business Solutions<\/a><\/footer><\/article><\/li><li class=\"wp-block-latest-comments__comment\"><article><footer class=\"wp-block-latest-comments__comment-meta\"><span class=\"wp-block-latest-comments__comment-author\">Sofia Morrison<\/span> - <a class=\"wp-block-latest-comments__comment-link\" href=\"https:\/\/www.medyas.net\/index.php\/2023\/03\/25\/usability-secrets-to-create-better-interfaces\/#comment-6\">Usability Secrets to Create Interfaces<\/a><\/footer><\/article><\/li><li class=\"wp-block-latest-comments__comment\"><article><footer class=\"wp-block-latest-comments__comment-meta\"><span class=\"wp-block-latest-comments__comment-author\">Lisa Brown<\/span> - <a class=\"wp-block-latest-comments__comment-link\" href=\"https:\/\/www.medyas.net\/index.php\/2023\/03\/25\/usability-secrets-to-create-better-interfaces\/#comment-5\">Usability Secrets to Create Interfaces<\/a><\/footer><\/article><\/li><\/ol><\/div><\/div><\/section><section id=\"block-5\" class=\"widget widget_block\"><div class=\"wp-block-group\"><div class=\"wp-block-group__inner-container is-layout-flow wp-block-group-is-layout-flow\"><h2 class=\"wp-block-heading\">Ar\u015fivler<\/h2><ul class=\"wp-block-archives-list wp-block-archives\">\t<li><a href='https:\/\/www.medyas.net\/index.php\/2024\/04\/'>Nisan 2024<\/a><\/li>\n\t<li><a href='https:\/\/www.medyas.net\/index.php\/2023\/03\/'>Mart 2023<\/a><\/li>\n\t<li><a href='https:\/\/www.medyas.net\/index.php\/2023\/02\/'>\u015eubat 2023<\/a><\/li>\n\t<li><a href='https:\/\/www.medyas.net\/index.php\/2023\/01\/'>Ocak 2023<\/a><\/li>\n\t<li><a href='https:\/\/www.medyas.net\/index.php\/2022\/12\/'>Aral\u0131k 2022<\/a><\/li>\n<\/ul><\/div><\/div><\/section><section id=\"block-6\" class=\"widget widget_block\"><div class=\"wp-block-group\"><div class=\"wp-block-group__inner-container is-layout-flow wp-block-group-is-layout-flow\"><h2 class=\"wp-block-heading\">Kategoriler<\/h2><ul class=\"wp-block-categories-list wp-block-categories\">\t<li class=\"cat-item cat-item-19\"><a href=\"https:\/\/www.medyas.net\/index.php\/category\/branding\/\">Branding<\/a>\n<\/li>\n\t<li class=\"cat-item cat-item-20\"><a href=\"https:\/\/www.medyas.net\/index.php\/category\/design\/\">Design<\/a>\n<\/li>\n\t<li class=\"cat-item cat-item-1\"><a href=\"https:\/\/www.medyas.net\/index.php\/category\/genel\/\">Genel<\/a>\n<\/li>\n\t<li class=\"cat-item cat-item-21\"><a href=\"https:\/\/www.medyas.net\/index.php\/category\/news\/\">News<\/a>\n<\/li>\n<\/ul><\/div><\/div><\/section>\t<\/aside><!-- #secondary -->\n<\/div>\t\t\t\t\t\t<\/div>\n\t\t\t\t\t<\/div>\n\t\t\t\t\t\t\t\t\t<\/div>\n\t\t\t<\/div>\n\t\t<\/div>\n\n\t\t\t\t<\/div>\n\t\t\t\t<\/div>\n\t\t\t\t\t<\/div>\n\t\t<\/div>\n\t\t\t\t\t<\/div>\n\t\t<\/section>\n\t\t\t\t<\/div>\n\t\t","protected":false},"excerpt":{"rendered":"<p>News &amp; Blog Insights, thoughts, industry trends, marketing tips. Home March 25, 2023Branding Usability Secrets to&#8230; <br \/><a href=\"https:\/\/www.medyas.net\/index.php\/2023\/02\/17\/how-to-photograph-food-without-a-tripod\/\" class=\"onovo-btn onovo-hover-btn\"><span>Read more<\/span><\/a><\/p>\n","protected":false},"author":1,"featured_media":0,"parent":0,"menu_order":0,"comment_status":"closed","ping_status":"closed","template":"template-elementor-default.php","meta":{"_acf_changed":false,"_monsterinsights_skip_tracking":false,"_monsterinsights_sitenote_active":false,"_monsterinsights_sitenote_note":"","_monsterinsights_sitenote_category":0,"footnotes":""},"class_list":["post-3059","page","type-page","status-publish","hentry"],"acf":[],"aioseo_notices":[],"_links":{"self":[{"href":"https:\/\/www.medyas.net\/index.php\/wp-json\/wp\/v2\/pages\/3059","targetHints":{"allow":["GET"]}}],"collection":[{"href":"https:\/\/www.medyas.net\/index.php\/wp-json\/wp\/v2\/pages"}],"about":[{"href":"https:\/\/www.medyas.net\/index.php\/wp-json\/wp\/v2\/types\/page"}],"author":[{"embeddable":true,"href":"https:\/\/www.medyas.net\/index.php\/wp-json\/wp\/v2\/users\/1"}],"replies":[{"embeddable":true,"href":"https:\/\/www.medyas.net\/index.php\/wp-json\/wp\/v2\/comments?post=3059"}],"version-history":[{"count":0,"href":"https:\/\/www.medyas.net\/index.php\/wp-json\/wp\/v2\/pages\/3059\/revisions"}],"wp:attachment":[{"href":"https:\/\/www.medyas.net\/index.php\/wp-json\/wp\/v2\/media?parent=3059"}],"curies":[{"name":"wp","href":"https:\/\/api.w.org\/{rel}","templated":true}]}}